{"id":155434,"date":"2025-04-24T10:20:53","date_gmt":"2025-04-24T10:20:53","guid":{"rendered":"https:\/\/bazan-lab.com\/bazan-lab-portfolio\/"},"modified":"2025-05-26T11:30:00","modified_gmt":"2025-05-26T11:30:00","slug":"bazan-lab-portfolio","status":"publish","type":"page","link":"https:\/\/bazan-lab.com\/en\/bazan-lab-portfolio\/","title":{"rendered":"Bazan Lab Portfolio"},"content":{"rendered":"<div class=\"wpb-content-wrapper\"><p>[vc_row unlock_row_content=&#8221;yes&#8221; row_height_percent=&#8221;0&#8243; override_padding=&#8221;yes&#8221; h_padding=&#8221;4&#8243; top_padding=&#8221;2&#8243; bottom_padding=&#8221;2&#8243; overlay_alpha=&#8221;50&#8243; gutter_size=&#8221;3&#8243; column_width_percent=&#8221;100&#8243; shift_y=&#8221;0&#8243; z_index=&#8221;0&#8243; content_parallax=&#8221;0&#8243; uncode_shortcode_id=&#8221;837346&#8243;][vc_column column_width_percent=&#8221;100&#8243; gutter_size=&#8221;3&#8243; overlay_alpha=&#8221;50&#8243; shift_x=&#8221;0&#8243; shift_y=&#8221;0&#8243; shift_y_down=&#8221;0&#8243; z_index=&#8221;0&#8243; medium_width=&#8221;0&#8243; mobile_width=&#8221;0&#8243; width=&#8221;1\/1&#8243; uncode_shortcode_id=&#8221;302036&#8243;][vc_empty_space empty_h=&#8221;0&#8243;][vc_custom_heading text_color=&#8221;accent&#8221; heading_semantic=&#8221;h1&#8243; text_font=&#8221;font-175277&#8243; text_size=&#8221;fontsize-155944&#8243; text_weight=&#8221;700&#8243; text_height=&#8221;fontheight-357766&#8243; uncode_shortcode_id=&#8221;608609&#8243; text_color_type=&#8221;uncode-palette&#8221;]Creativity is the core of everything we do. We make the invisible visible.[\/vc_custom_heading][vc_column_text uncode_shortcode_id=&#8221;145282&#8243;]<\/p>\n<p class=\"\" data-start=\"196\" data-end=\"497\">Every city, every brand, every person communicates its essence through what it shows to the world. At <strong>Bazan Lab<\/strong>, we are dedicated to translate that essence into visual identities that not only stand out, but also generate connection and movement.<\/p>\n<p class=\"\" data-start=\"499\" data-end=\"674\">Take a look at our case studies and discover how we design with strategy, intuition and purpose. If your brand has something to say, we&#8217;re ready to help you say it well.<\/p>\n<p>[\/vc_column_text][\/vc_column][\/vc_row][vc_row unlock_row_content=&#8221;yes&#8221; row_height_percent=&#8221;0&#8243; override_padding=&#8221;yes&#8221; h_padding=&#8221;5&#8243; top_padding=&#8221;4&#8243; bottom_padding=&#8221;7&#8243; overlay_alpha=&#8221;50&#8243; gutter_size=&#8221;3&#8243; column_width_percent=&#8221;100&#8243; shift_y=&#8221;0&#8243; z_index=&#8221;0&#8243; content_parallax=&#8221;0&#8243; uncode_shortcode_id=&#8221;105852&#8243; back_color_type=&#8221;uncode-solid&#8221; back_color_solid=&#8221;#d6d4d1&#8243;][vc_column column_width_percent=&#8221;100&#8243; gutter_size=&#8221;3&#8243; overlay_alpha=&#8221;50&#8243; shift_x=&#8221;0&#8243; shift_y=&#8221;0&#8243; shift_y_down=&#8221;0&#8243; z_index=&#8221;0&#8243; medium_width=&#8221;0&#8243; mobile_width=&#8221;0&#8243; width=&#8221;1\/1&#8243; uncode_shortcode_id=&#8221;123841&#8243;][vc_custom_heading text_color=&#8221;color-xsdn&#8221; heading_semantic=&#8221;p&#8221; text_font=&#8221;font-175277&#8243; text_size=&#8221;custom&#8221; text_weight=&#8221;400&#8243; css_animation=&#8221;marquee-scroll-opposite&#8221; marquee_clone=&#8221;yes&#8221; marquee_speed=&#8221;0&#8243; sticky_trigger=&#8221;yes&#8221; sticky_trigger_option=&#8221;no-height&#8221; uncode_shortcode_id=&#8221;172957&#8243; text_color_type=&#8221;uncode-palette&#8221; heading_custom_size=&#8221;clamp(125px,16vw,300px)&#8221;]\u2733\ufe0e Case Studies[\/vc_custom_heading][uncode_index el_id=&#8221;index-155442&#8243; index_type=&#8221;custom_grid&#8221; custom_grid_content_block_id=&#8221;103352&#8243; loop=&#8221;size:10|order_by:date|post_type:portfolio|taxonomy_count:10&#8243; single_overlay_opacity=&#8221;50&#8243; single_overlay_anim=&#8221;no&#8221; single_text_anim=&#8221;no&#8221; single_image_magnetic=&#8221;yes&#8221; single_padding=&#8221;2&#8243; single_title_family=&#8221;font-377884&#8243; single_title_dimension=&#8221;h3&#8243; single_title_weight=&#8221;400&#8243; single_border=&#8221;yes&#8221; single_css_animation=&#8221;mask&#8221; single_animation_speed=&#8221;800&#8243; single_bg_delay=&#8221;1&#8243; post_matrix=&#8221;matrix&#8221; matrix_amount=&#8221;3&#8243; uncode_shortcode_id=&#8221;133981&#8243; matrix_items=&#8221;eyIxX2kiOnsiY3VzdG9tX2dyaWRfaW1hZ2VzX3NpemUiOiJmaXZlLWZvdXIifSwiMl9pIjp7ImN1c3RvbV9ncmlkX2ltYWdlc19zaXplIjoib25lLW9uZSJ9LCIwX2kiOnsiY3VzdG9tX2dyaWRfaW1hZ2VzX3NpemUiOiJmb3VyLWZpdmUifX0=&#8221;][\/vc_column][\/vc_row]<\/p>\n<\/div>","protected":false},"excerpt":{"rendered":"<p>[vc_row unlock_row_content=&#8221;yes&#8221; row_height_percent=&#8221;0&#8243; override_padding=&#8221;yes&#8221; h_padding=&#8221;4&#8243; top_padding=&#8221;2&#8243; bottom_padding=&#8221;2&#8243; overlay_alpha=&#8221;50&#8243; gutter_size=&#8221;3&#8243; column_width_percent=&#8221;100&#8243; shift_y=&#8221;0&#8243; z_index=&#8221;0&#8243; content_parallax=&#8221;0&#8243; uncode_shortcode_id=&#8221;837346&#8243;][vc_column column_width_percent=&#8221;100&#8243; gutter_size=&#8221;3&#8243; overlay_alpha=&#8221;50&#8243; shift_x=&#8221;0&#8243; shift_y=&#8221;0&#8243; shift_y_down=&#8221;0&#8243; [&hellip;]<\/p>\n","protected":false},"author":1,"featured_media":154695,"parent":0,"menu_order":0,"comment_status":"closed","ping_status":"closed","template":"","meta":{"_monsterinsights_skip_tracking":false,"_monsterinsights_sitenote_active":false,"_monsterinsights_sitenote_note":"","_monsterinsights_sitenote_category":0,"footnotes":""},"class_list":["post-155434","page","type-page","status-publish","has-post-thumbnail","hentry","page_category-portfolio-en"],"yoast_head":"<!-- This site is optimized with the Yoast SEO plugin v27.0 - https:\/\/yoast.com\/product\/yoast-seo-wordpress\/ -->\n<title>Bazan Lab Portfolio - Bazan Lab<\/title>\n<meta name=\"robots\" content=\"index, follow, max-snippet:-1, max-image-preview:large, max-video-preview:-1\" \/>\n<link rel=\"canonical\" href=\"https:\/\/bazan-lab.com\/en\/bazan-lab-portfolio\/\" \/>\n<meta property=\"og:locale\" content=\"en_US\" \/>\n<meta property=\"og:type\" content=\"article\" \/>\n<meta property=\"og:title\" content=\"Bazan Lab Portfolio - Bazan Lab\" \/>\n<meta property=\"og:description\" content=\"[vc_row unlock_row_content=&#8221;yes&#8221; row_height_percent=&#8221;0&#8243; override_padding=&#8221;yes&#8221; h_padding=&#8221;4&#8243; top_padding=&#8221;2&#8243; bottom_padding=&#8221;2&#8243; overlay_alpha=&#8221;50&#8243; gutter_size=&#8221;3&#8243; column_width_percent=&#8221;100&#8243; shift_y=&#8221;0&#8243; z_index=&#8221;0&#8243; content_parallax=&#8221;0&#8243; uncode_shortcode_id=&#8221;837346&#8243;][vc_column column_width_percent=&#8221;100&#8243; gutter_size=&#8221;3&#8243; overlay_alpha=&#8221;50&#8243; shift_x=&#8221;0&#8243; shift_y=&#8221;0&#8243; shift_y_down=&#8221;0&#8243; [&hellip;]\" \/>\n<meta property=\"og:url\" content=\"https:\/\/bazan-lab.com\/en\/bazan-lab-portfolio\/\" \/>\n<meta property=\"og:site_name\" content=\"Bazan Lab\" \/>\n<meta property=\"article:publisher\" content=\"https:\/\/www.facebook.com\/bazanlab\" \/>\n<meta property=\"article:modified_time\" content=\"2025-05-26T11:30:00+00:00\" \/>\n<meta property=\"og:image\" content=\"https:\/\/bazan-lab.com\/wp-content\/uploads\/2025\/04\/Captura-de-pantalla-2018-09-19-a-las-18.36.38-scaled.png\" \/>\n\t<meta property=\"og:image:width\" content=\"2560\" \/>\n\t<meta property=\"og:image:height\" content=\"1015\" \/>\n\t<meta property=\"og:image:type\" content=\"image\/png\" \/>\n<meta name=\"twitter:card\" content=\"summary_large_image\" \/>\n<meta name=\"twitter:label1\" content=\"Est. reading time\" \/>\n\t<meta name=\"twitter:data1\" content=\"2 minutes\" \/>\n<script type=\"application\/ld+json\" class=\"yoast-schema-graph\">{\"@context\":\"https:\/\/schema.org\",\"@graph\":[{\"@type\":\"WebPage\",\"@id\":\"https:\/\/bazan-lab.com\/en\/bazan-lab-portfolio\/\",\"url\":\"https:\/\/bazan-lab.com\/en\/bazan-lab-portfolio\/\",\"name\":\"Bazan Lab Portfolio - Bazan Lab\",\"isPartOf\":{\"@id\":\"https:\/\/bazan-lab.com\/en\/#website\"},\"primaryImageOfPage\":{\"@id\":\"https:\/\/bazan-lab.com\/en\/bazan-lab-portfolio\/#primaryimage\"},\"image\":{\"@id\":\"https:\/\/bazan-lab.com\/en\/bazan-lab-portfolio\/#primaryimage\"},\"thumbnailUrl\":\"https:\/\/bazan-lab.com\/wp-content\/uploads\/2025\/04\/Captura-de-pantalla-2018-09-19-a-las-18.36.38-scaled.png\",\"datePublished\":\"2025-04-24T10:20:53+00:00\",\"dateModified\":\"2025-05-26T11:30:00+00:00\",\"breadcrumb\":{\"@id\":\"https:\/\/bazan-lab.com\/en\/bazan-lab-portfolio\/#breadcrumb\"},\"inLanguage\":\"en-US\",\"potentialAction\":[{\"@type\":\"ReadAction\",\"target\":[\"https:\/\/bazan-lab.com\/en\/bazan-lab-portfolio\/\"]}]},{\"@type\":\"ImageObject\",\"inLanguage\":\"en-US\",\"@id\":\"https:\/\/bazan-lab.com\/en\/bazan-lab-portfolio\/#primaryimage\",\"url\":\"https:\/\/bazan-lab.com\/wp-content\/uploads\/2025\/04\/Captura-de-pantalla-2018-09-19-a-las-18.36.38-scaled.png\",\"contentUrl\":\"https:\/\/bazan-lab.com\/wp-content\/uploads\/2025\/04\/Captura-de-pantalla-2018-09-19-a-las-18.36.38-scaled.png\",\"width\":2560,\"height\":1015,\"caption\":\"Composici\u00f3n gr\u00e1fica que representa el enfoque creativo y estrat\u00e9gico de Bazan Lab\u00ae\"},{\"@type\":\"BreadcrumbList\",\"@id\":\"https:\/\/bazan-lab.com\/en\/bazan-lab-portfolio\/#breadcrumb\",\"itemListElement\":[{\"@type\":\"ListItem\",\"position\":1,\"name\":\"Portada\",\"item\":\"https:\/\/bazan-lab.com\/en\/\"},{\"@type\":\"ListItem\",\"position\":2,\"name\":\"Bazan Lab Portfolio\"}]},{\"@type\":\"WebSite\",\"@id\":\"https:\/\/bazan-lab.com\/en\/#website\",\"url\":\"https:\/\/bazan-lab.com\/en\/\",\"name\":\"Bazan Lab\",\"description\":\"Agencia Creativa de Dise\u00f1o &amp; Comunicaci\u00f3n\",\"publisher\":{\"@id\":\"https:\/\/bazan-lab.com\/en\/#organization\"},\"potentialAction\":[{\"@type\":\"SearchAction\",\"target\":{\"@type\":\"EntryPoint\",\"urlTemplate\":\"https:\/\/bazan-lab.com\/en\/?s={search_term_string}\"},\"query-input\":{\"@type\":\"PropertyValueSpecification\",\"valueRequired\":true,\"valueName\":\"search_term_string\"}}],\"inLanguage\":\"en-US\"},{\"@type\":\"Organization\",\"@id\":\"https:\/\/bazan-lab.com\/en\/#organization\",\"name\":\"Bazan Lab\",\"url\":\"https:\/\/bazan-lab.com\/en\/\",\"logo\":{\"@type\":\"ImageObject\",\"inLanguage\":\"en-US\",\"@id\":\"https:\/\/bazan-lab.com\/en\/#\/schema\/logo\/image\/\",\"url\":\"https:\/\/bazan-lab.com\/wp-content\/uploads\/2025\/03\/bazan-lab-logongo.png\",\"contentUrl\":\"https:\/\/bazan-lab.com\/wp-content\/uploads\/2025\/03\/bazan-lab-logongo.png\",\"width\":1440,\"height\":647,\"caption\":\"Bazan Lab\"},\"image\":{\"@id\":\"https:\/\/bazan-lab.com\/en\/#\/schema\/logo\/image\/\"},\"sameAs\":[\"https:\/\/www.facebook.com\/bazanlab\",\"https:\/\/www.instagram.com\/bazanlab\/\",\"https:\/\/www.youtube.com\/@bazanlab\",\"https:\/\/www.linkedin.com\/company\/bazan-lab\/\",\"https:\/\/www.threads.net\/@bazanlab\"]}]}<\/script>\n<!-- \/ Yoast SEO plugin. -->","yoast_head_json":{"title":"Bazan Lab Portfolio - Bazan Lab","robots":{"index":"index","follow":"follow","max-snippet":"max-snippet:-1","max-image-preview":"max-image-preview:large","max-video-preview":"max-video-preview:-1"},"canonical":"https:\/\/bazan-lab.com\/en\/bazan-lab-portfolio\/","og_locale":"en_US","og_type":"article","og_title":"Bazan Lab Portfolio - Bazan Lab","og_description":"[vc_row unlock_row_content=&#8221;yes&#8221; row_height_percent=&#8221;0&#8243; override_padding=&#8221;yes&#8221; h_padding=&#8221;4&#8243; top_padding=&#8221;2&#8243; bottom_padding=&#8221;2&#8243; overlay_alpha=&#8221;50&#8243; gutter_size=&#8221;3&#8243; column_width_percent=&#8221;100&#8243; shift_y=&#8221;0&#8243; z_index=&#8221;0&#8243; content_parallax=&#8221;0&#8243; uncode_shortcode_id=&#8221;837346&#8243;][vc_column column_width_percent=&#8221;100&#8243; gutter_size=&#8221;3&#8243; overlay_alpha=&#8221;50&#8243; shift_x=&#8221;0&#8243; shift_y=&#8221;0&#8243; shift_y_down=&#8221;0&#8243; [&hellip;]","og_url":"https:\/\/bazan-lab.com\/en\/bazan-lab-portfolio\/","og_site_name":"Bazan Lab","article_publisher":"https:\/\/www.facebook.com\/bazanlab","article_modified_time":"2025-05-26T11:30:00+00:00","og_image":[{"width":2560,"height":1015,"url":"https:\/\/bazan-lab.com\/wp-content\/uploads\/2025\/04\/Captura-de-pantalla-2018-09-19-a-las-18.36.38-scaled.png","type":"image\/png"}],"twitter_card":"summary_large_image","twitter_misc":{"Est. reading time":"2 minutes"},"schema":{"@context":"https:\/\/schema.org","@graph":[{"@type":"WebPage","@id":"https:\/\/bazan-lab.com\/en\/bazan-lab-portfolio\/","url":"https:\/\/bazan-lab.com\/en\/bazan-lab-portfolio\/","name":"Bazan Lab Portfolio - Bazan Lab","isPartOf":{"@id":"https:\/\/bazan-lab.com\/en\/#website"},"primaryImageOfPage":{"@id":"https:\/\/bazan-lab.com\/en\/bazan-lab-portfolio\/#primaryimage"},"image":{"@id":"https:\/\/bazan-lab.com\/en\/bazan-lab-portfolio\/#primaryimage"},"thumbnailUrl":"https:\/\/bazan-lab.com\/wp-content\/uploads\/2025\/04\/Captura-de-pantalla-2018-09-19-a-las-18.36.38-scaled.png","datePublished":"2025-04-24T10:20:53+00:00","dateModified":"2025-05-26T11:30:00+00:00","breadcrumb":{"@id":"https:\/\/bazan-lab.com\/en\/bazan-lab-portfolio\/#breadcrumb"},"inLanguage":"en-US","potentialAction":[{"@type":"ReadAction","target":["https:\/\/bazan-lab.com\/en\/bazan-lab-portfolio\/"]}]},{"@type":"ImageObject","inLanguage":"en-US","@id":"https:\/\/bazan-lab.com\/en\/bazan-lab-portfolio\/#primaryimage","url":"https:\/\/bazan-lab.com\/wp-content\/uploads\/2025\/04\/Captura-de-pantalla-2018-09-19-a-las-18.36.38-scaled.png","contentUrl":"https:\/\/bazan-lab.com\/wp-content\/uploads\/2025\/04\/Captura-de-pantalla-2018-09-19-a-las-18.36.38-scaled.png","width":2560,"height":1015,"caption":"Composici\u00f3n gr\u00e1fica que representa el enfoque creativo y estrat\u00e9gico de Bazan Lab\u00ae"},{"@type":"BreadcrumbList","@id":"https:\/\/bazan-lab.com\/en\/bazan-lab-portfolio\/#breadcrumb","itemListElement":[{"@type":"ListItem","position":1,"name":"Portada","item":"https:\/\/bazan-lab.com\/en\/"},{"@type":"ListItem","position":2,"name":"Bazan Lab Portfolio"}]},{"@type":"WebSite","@id":"https:\/\/bazan-lab.com\/en\/#website","url":"https:\/\/bazan-lab.com\/en\/","name":"Bazan Lab","description":"Agencia Creativa de Dise\u00f1o &amp; Comunicaci\u00f3n","publisher":{"@id":"https:\/\/bazan-lab.com\/en\/#organization"},"potentialAction":[{"@type":"SearchAction","target":{"@type":"EntryPoint","urlTemplate":"https:\/\/bazan-lab.com\/en\/?s={search_term_string}"},"query-input":{"@type":"PropertyValueSpecification","valueRequired":true,"valueName":"search_term_string"}}],"inLanguage":"en-US"},{"@type":"Organization","@id":"https:\/\/bazan-lab.com\/en\/#organization","name":"Bazan Lab","url":"https:\/\/bazan-lab.com\/en\/","logo":{"@type":"ImageObject","inLanguage":"en-US","@id":"https:\/\/bazan-lab.com\/en\/#\/schema\/logo\/image\/","url":"https:\/\/bazan-lab.com\/wp-content\/uploads\/2025\/03\/bazan-lab-logongo.png","contentUrl":"https:\/\/bazan-lab.com\/wp-content\/uploads\/2025\/03\/bazan-lab-logongo.png","width":1440,"height":647,"caption":"Bazan Lab"},"image":{"@id":"https:\/\/bazan-lab.com\/en\/#\/schema\/logo\/image\/"},"sameAs":["https:\/\/www.facebook.com\/bazanlab","https:\/\/www.instagram.com\/bazanlab\/","https:\/\/www.youtube.com\/@bazanlab","https:\/\/www.linkedin.com\/company\/bazan-lab\/","https:\/\/www.threads.net\/@bazanlab"]}]}},"_links":{"self":[{"href":"https:\/\/bazan-lab.com\/en\/wp-json\/wp\/v2\/pages\/155434","targetHints":{"allow":["GET"]}}],"collection":[{"href":"https:\/\/bazan-lab.com\/en\/wp-json\/wp\/v2\/pages"}],"about":[{"href":"https:\/\/bazan-lab.com\/en\/wp-json\/wp\/v2\/types\/page"}],"author":[{"embeddable":true,"href":"https:\/\/bazan-lab.com\/en\/wp-json\/wp\/v2\/users\/1"}],"replies":[{"embeddable":true,"href":"https:\/\/bazan-lab.com\/en\/wp-json\/wp\/v2\/comments?post=155434"}],"version-history":[{"count":2,"href":"https:\/\/bazan-lab.com\/en\/wp-json\/wp\/v2\/pages\/155434\/revisions"}],"predecessor-version":[{"id":155436,"href":"https:\/\/bazan-lab.com\/en\/wp-json\/wp\/v2\/pages\/155434\/revisions\/155436"}],"wp:featuredmedia":[{"embeddable":true,"href":"https:\/\/bazan-lab.com\/en\/wp-json\/wp\/v2\/media\/154695"}],"wp:attachment":[{"href":"https:\/\/bazan-lab.com\/en\/wp-json\/wp\/v2\/media?parent=155434"}],"curies":[{"name":"wp","href":"https:\/\/api.w.org\/{rel}","templated":true}]}}